{"id":723,"date":"2025-11-25T20:43:30","date_gmt":"2025-11-25T20:43:30","guid":{"rendered":"https:\/\/www.nlmobility.nl\/ueber-uns\/"},"modified":"2026-01-08T09:37:20","modified_gmt":"2026-01-08T09:37:20","slug":"ueber-uns","status":"publish","type":"page","link":"https:\/\/www.nlmobility.nl\/de\/ueber-uns\/","title":{"rendered":"\u00dcber uns"},"content":{"rendered":"<p><div class=\"fusion-fullwidth fullwidth-box fusion-builder-row-1 fusion-flex-container nonhundred-percent-fullwidth non-hundred-percent-height-scrolling\" style=\"--awb-border-sizes-top:0px;--awb-border-sizes-bottom:0px;--awb-border-sizes-left:0px;--awb-border-sizes-right:0px;--awb-border-radius-top-left:0px;--awb-border-radius-top-right:0px;--awb-border-radius-bottom-right:0px;--awb-border-radius-bottom-left:0px;--awb-padding-top:120px;--awb-padding-right:30px;--awb-padding-bottom:120px;--awb-padding-left:30px;--awb-padding-top-medium:60px;--awb-padding-bottom-medium:60px;--awb-padding-top-small:50px;--awb-margin-top:0px;--awb-margin-bottom:0px;--awb-background-color:var(--awb-color1);--awb-background-image:linear-gradient(109deg, #fbfefd 0%,#f4fafd 100%);--awb-flex-wrap:wrap;\" ><div class=\"fusion-builder-row fusion-row fusion-flex-align-items-center fusion-flex-content-wrap\" style=\"max-width:1248px;margin-left: calc(-4% \/ 2 );margin-right: calc(-4% \/ 2 );\"><div class=\"fusion-layout-column fusion_builder_column fusion-builder-column-0 fusion_builder_column_2_5 2_5 fusion-flex-column fusion-animated\" style=\"--awb-bg-size:cover;--awb-width-large:40%;--awb-margin-top-large:0px;--awb-spacing-right-large:6.4%;--awb-margin-bottom-large:0px;--awb-spacing-left-large:4.8%;--awb-width-medium:40%;--awb-spacing-right-medium:6.4%;--awb-spacing-left-medium:4.8%;--awb-width-small:100%;--awb-spacing-right-small:1.92%;--awb-margin-bottom-small:40px;--awb-spacing-left-small:1.92%;\" data-animationType=\"fadeInUp\" data-animationDuration=\"0.7\" data-animationOffset=\"top-into-view\"><div class=\"fusion-column-wrapper fusion-column-has-shadow fusion-flex-justify-content-flex-start fusion-content-layout-column\"><div class=\"fusion-image-element \" style=\"--awb-aspect-ratio:1 \/ 1;--awb-object-position:15% 65%;--awb-caption-title-font-family:var(--h2_typography-font-family);--awb-caption-title-font-weight:var(--h2_typography-font-weight);--awb-caption-title-font-style:var(--h2_typography-font-style);--awb-caption-title-size:var(--h2_typography-font-size);--awb-caption-title-transform:var(--h2_typography-text-transform);--awb-caption-title-line-height:var(--h2_typography-line-height);--awb-caption-title-letter-spacing:var(--h2_typography-letter-spacing);\"><span class=\" fusion-imageframe imageframe-none imageframe-1 hover-type-none has-aspect-ratio\" style=\"border-radius:30px;\"><img decoding=\"async\" width=\"2411\" height=\"1608\" title=\"RoyBorghoutsFotografie-061125-NLMobility-003\" src=\"https:\/\/www.nlmobility.nl\/wp-content\/uploads\/2026\/01\/RoyBorghoutsFotografie-061125-NLMobility-003-1.jpg\" class=\"img-responsive wp-image-1162 img-with-aspect-ratio\" data-parent-fit=\"cover\" data-parent-container=\".fusion-image-element\" alt srcset=\"https:\/\/www.nlmobility.nl\/wp-content\/uploads\/2026\/01\/RoyBorghoutsFotografie-061125-NLMobility-003-1-200x133.jpg 200w, https:\/\/www.nlmobility.nl\/wp-content\/uploads\/2026\/01\/RoyBorghoutsFotografie-061125-NLMobility-003-1-400x267.jpg 400w, https:\/\/www.nlmobility.nl\/wp-content\/uploads\/2026\/01\/RoyBorghoutsFotografie-061125-NLMobility-003-1-600x400.jpg 600w, https:\/\/www.nlmobility.nl\/wp-content\/uploads\/2026\/01\/RoyBorghoutsFotografie-061125-NLMobility-003-1-800x534.jpg 800w, https:\/\/www.nlmobility.nl\/wp-content\/uploads\/2026\/01\/RoyBorghoutsFotografie-061125-NLMobility-003-1-1200x800.jpg 1200w, https:\/\/www.nlmobility.nl\/wp-content\/uploads\/2026\/01\/RoyBorghoutsFotografie-061125-NLMobility-003-1.jpg 2411w\" sizes=\"(max-width: 640px) 100vw, 600px\" \/><\/span><\/div><\/div><\/div><div class=\"fusion-layout-column fusion_builder_column fusion-builder-column-1 fusion_builder_column_3_5 3_5 fusion-flex-column fusion-animated\" style=\"--awb-bg-size:cover;--awb-width-large:60%;--awb-margin-top-large:0px;--awb-spacing-right-large:3.2%;--awb-margin-bottom-large:20px;--awb-spacing-left-large:11.2%;--awb-width-medium:60%;--awb-spacing-right-medium:3.2%;--awb-spacing-left-medium:11.2%;--awb-width-small:100%;--awb-spacing-right-small:1.92%;--awb-margin-bottom-small:0px;--awb-spacing-left-small:1.92%;\" data-animationType=\"fadeInRight\" data-animationDuration=\"0.7\" data-animationOffset=\"top-into-view\"><div class=\"fusion-column-wrapper fusion-column-has-shadow fusion-flex-justify-content-flex-start fusion-content-layout-column\"><div class=\"fusion-title title fusion-title-1 fusion-sep-none fusion-title-text fusion-title-size-two\" style=\"--awb-margin-bottom:40px;\"><h2 class=\"fusion-title-heading title-heading-left fusion-responsive-typography-calculated\" style=\"margin:0;--fontSize:60;line-height:1.17;\">\u00dcber uns<\/h2><\/div><div class=\"fusion-separator fusion-no-large-visibility fusion-full-width-sep\" style=\"align-self: center;margin-left: auto;margin-right: auto;margin-bottom:3%;width:100%;\"><\/div><div class=\"fusion-text fusion-text-1\" style=\"--awb-font-size:30px;--awb-text-color:var(--awb-color7);--awb-text-font-family:&quot;Poppins&quot;;--awb-text-font-style:normal;--awb-text-font-weight:200;\"><p>Wir sind NL Mobility,<\/p>\n<\/div><div class=\"fusion-text fusion-text-2\" style=\"--awb-text-color:var(--awb-color7);\"><p>NL Mobility entwirft und realisiert Business Charging-L\u00f6sungen, auch dort, wo es nicht offensichtlich ist.<\/p>\n<p>Vertriebszentren, Logistikzentren, Gewerbegebiete und andere Orte, an denen die Messlatte hoch liegt und der Strom knapp ist.<\/p>\n<p>Wir arbeiten jeden Tag an Projekten, bei denen Standardl\u00f6sungen versagen. Begrenzte Netzanschl\u00fcsse, Lastspitzen und Netzengp\u00e4sse sind keine Vorbedingungen, sondern der Ausgangspunkt. Durch den intelligenten Einsatz von Lastausgleich, Energiemanagement und Speicherung sorgen wir daf\u00fcr, dass die Mobilit\u00e4t weitergeht.  <\/p>\n<\/div><div class=\"fusion-separator fusion-full-width-sep\" style=\"align-self: center;margin-left: auto;margin-right: auto;margin-bottom:3%;width:100%;\"><\/div><\/div><\/div><\/div><\/div><div class=\"fusion-fullwidth fullwidth-box fusion-builder-row-2 fusion-flex-container nonhundred-percent-fullwidth non-hundred-percent-height-scrolling fusion-animated\" style=\"--awb-border-sizes-top:0px;--awb-border-sizes-bottom:0px;--awb-border-sizes-left:0px;--awb-border-sizes-right:0px;--awb-border-radius-top-left:0px;--awb-border-radius-top-right:0px;--awb-border-radius-bottom-right:0px;--awb-border-radius-bottom-left:0px;--awb-padding-top:120px;--awb-padding-right:30px;--awb-padding-bottom:120px;--awb-padding-left:30px;--awb-padding-top-medium:60px;--awb-padding-bottom-medium:60px;--awb-padding-top-small:50px;--awb-margin-top:0px;--awb-margin-bottom:0px;--awb-background-color:var(--awb-color1);--awb-flex-wrap:wrap;\" data-animationType=\"fadeInUp\" data-animationDuration=\"0.7\" data-animationOffset=\"top-into-view\" ><div class=\"fusion-builder-row fusion-row fusion-flex-align-items-flex-start fusion-flex-content-wrap\" style=\"max-width:1248px;margin-left: calc(-4% \/ 2 );margin-right: calc(-4% \/ 2 );\"><div class=\"fusion-layout-column fusion_builder_column fusion-builder-column-2 fusion_builder_column_1_2 1_2 fusion-flex-column\" style=\"--awb-bg-size:cover;--awb-width-large:50%;--awb-margin-top-large:0px;--awb-spacing-right-large:3.84%;--awb-margin-bottom-large:20px;--awb-spacing-left-large:3.84%;--awb-width-medium:50%;--awb-spacing-right-medium:3.84%;--awb-spacing-left-medium:3.84%;--awb-width-small:100%;--awb-spacing-right-small:1.92%;--awb-margin-bottom-small:0px;--awb-spacing-left-small:1.92%;\"><div class=\"fusion-column-wrapper fusion-column-has-shadow fusion-flex-justify-content-flex-start fusion-content-layout-column\"><div class=\"fusion-title title fusion-title-2 fusion-sep-none fusion-title-text fusion-title-size-two\" style=\"--awb-margin-bottom:40px;\"><h2 class=\"fusion-title-heading title-heading-left fusion-responsive-typography-calculated\" style=\"margin:0;--fontSize:60;line-height:1.17;\">Team &amp; Kultur<\/h2><\/div><div class=\"fusion-separator fusion-no-large-visibility fusion-full-width-sep\" style=\"align-self: center;margin-left: auto;margin-right: auto;margin-bottom:3%;width:100%;\"><\/div><div class=\"fusion-text fusion-text-3\" style=\"--awb-font-size:30px;--awb-text-color:var(--awb-color7);--awb-text-font-family:&quot;Poppins&quot;;--awb-text-font-style:normal;--awb-text-font-weight:200;\"><p>Bei NL Mobility dreht sich alles um Menschen. Wir arbeiten hart, aber wir lachen auch viel. <\/p>\n<\/div><div class=\"fusion-text fusion-text-4\" style=\"--awb-text-color:var(--awb-color7);\"><p>Es gibt Raum f\u00fcr Eigeninitiative, und wir helfen uns gegenseitig, wenn es n\u00f6tig ist. Sicherheit, Klarheit und Respekt stehen an erster Stelle. Wir wollen keine Hierarchie, sondern Zusammenarbeit. Jeder muss wissen, woran er ist. Und wenn etwas verbessert werden kann, sagen wir es einfach. Auf diese Weise wachsen wir weiter, als Team und als Unternehmen.     <\/p>\n<\/div><div class=\"fusion-separator fusion-full-width-sep\" style=\"align-self: center;margin-left: auto;margin-right: auto;margin-bottom:3%;width:100%;\"><\/div><\/div><\/div><div class=\"fusion-layout-column fusion_builder_column fusion-builder-column-3 fusion_builder_column_1_2 1_2 fusion-flex-column\" style=\"--awb-bg-size:cover;--awb-width-large:50%;--awb-margin-top-large:0px;--awb-spacing-right-large:3.84%;--awb-margin-bottom-large:20px;--awb-spacing-left-large:3.84%;--awb-width-medium:50%;--awb-order-medium:0;--awb-spacing-right-medium:3.84%;--awb-spacing-left-medium:3.84%;--awb-width-small:100%;--awb-order-small:0;--awb-spacing-right-small:1.92%;--awb-spacing-left-small:1.92%;\"><div class=\"fusion-column-wrapper fusion-column-has-shadow fusion-flex-justify-content-flex-start fusion-content-layout-column\"><div class=\"fusion-builder-row fusion-builder-row-inner fusion-row fusion-flex-align-items-flex-start fusion-flex-content-wrap\" style=\"--awb-min-height:no;--awb-min-height-medium:no;--awb-min-height-small:no;width:104% !important;max-width:104% !important;margin-left: calc(-4% \/ 2 );margin-right: calc(-4% \/ 2 );\"><div class=\"fusion-layout-column fusion_builder_column_inner fusion-builder-nested-column-0 fusion_builder_column_inner_2_3 2_3 fusion-flex-column\" style=\"--awb-padding-bottom:90px;--awb-bg-size:cover;--awb-width-large:66.666666666667%;--awb-margin-top-large:0px;--awb-spacing-right-large:2.88%;--awb-margin-bottom-large:20px;--awb-spacing-left-large:2.88%;--awb-width-medium:66.666666666667%;--awb-order-medium:0;--awb-spacing-right-medium:2.88%;--awb-spacing-left-medium:2.88%;--awb-width-small:100%;--awb-order-small:0;--awb-spacing-right-small:1.92%;--awb-spacing-left-small:1.92%;\"><div class=\"fusion-column-wrapper fusion-column-has-shadow fusion-flex-justify-content-flex-start fusion-content-layout-column\"><div class=\"fusion-image-element \" style=\"--awb-aspect-ratio:1 \/ 1;--awb-caption-title-font-family:var(--h2_typography-font-family);--awb-caption-title-font-weight:var(--h2_typography-font-weight);--awb-caption-title-font-style:var(--h2_typography-font-style);--awb-caption-title-size:var(--h2_typography-font-size);--awb-caption-title-transform:var(--h2_typography-text-transform);--awb-caption-title-line-height:var(--h2_typography-line-height);--awb-caption-title-letter-spacing:var(--h2_typography-letter-spacing);\"><span class=\" fusion-imageframe imageframe-none imageframe-2 hover-type-none has-aspect-ratio\" style=\"border-radius:14px;\"><img decoding=\"async\" width=\"1200\" height=\"638\" title=\"20251106_\u252c\u2310RKeus_4547\" src=\"https:\/\/www.nlmobility.nl\/wp-content\/uploads\/2026\/01\/20251106_\u252c\u2310RKeus_4547-1200x638.jpg\" class=\"img-responsive wp-image-1156 img-with-aspect-ratio\" data-parent-fit=\"cover\" data-parent-container=\".fusion-image-element\" alt srcset=\"https:\/\/www.nlmobility.nl\/wp-content\/uploads\/2026\/01\/20251106_\u252c\u2310RKeus_4547-200x106.jpg 200w, https:\/\/www.nlmobility.nl\/wp-content\/uploads\/2026\/01\/20251106_\u252c\u2310RKeus_4547-400x213.jpg 400w, https:\/\/www.nlmobility.nl\/wp-content\/uploads\/2026\/01\/20251106_\u252c\u2310RKeus_4547-600x319.jpg 600w, https:\/\/www.nlmobility.nl\/wp-content\/uploads\/2026\/01\/20251106_\u252c\u2310RKeus_4547-800x425.jpg 800w, https:\/\/www.nlmobility.nl\/wp-content\/uploads\/2026\/01\/20251106_\u252c\u2310RKeus_4547-1200x638.jpg 1200w\" sizes=\"(max-width: 640px) 100vw, 800px\" \/><\/span><\/div><\/div><\/div><div class=\"fusion-layout-column fusion_builder_column_inner fusion-builder-nested-column-1 fusion_builder_column_inner_1_3 1_3 fusion-flex-column fusion-flex-align-self-flex-end fusion-no-small-visibility\" style=\"--awb-bg-size:cover;--awb-width-large:33.333333333333%;--awb-margin-top-large:0px;--awb-spacing-right-large:5.76%;--awb-margin-bottom-large:20px;--awb-spacing-left-large:5.76%;--awb-width-medium:33.333333333333%;--awb-order-medium:0;--awb-spacing-right-medium:5.76%;--awb-spacing-left-medium:5.76%;--awb-width-small:100%;--awb-order-small:0;--awb-spacing-right-small:1.92%;--awb-spacing-left-small:1.92%;\"><div class=\"fusion-column-wrapper fusion-column-has-shadow fusion-flex-justify-content-flex-start fusion-content-layout-column\"><div class=\"fusion-image-element \" style=\"--awb-aspect-ratio:1 \/ 1;--awb-caption-title-font-family:var(--h2_typography-font-family);--awb-caption-title-font-weight:var(--h2_typography-font-weight);--awb-caption-title-font-style:var(--h2_typography-font-style);--awb-caption-title-size:var(--h2_typography-font-size);--awb-caption-title-transform:var(--h2_typography-text-transform);--awb-caption-title-line-height:var(--h2_typography-line-height);--awb-caption-title-letter-spacing:var(--h2_typography-letter-spacing);\"><span class=\" fusion-imageframe imageframe-none imageframe-3 hover-type-none has-aspect-ratio\" style=\"border-radius:14px;\"><img decoding=\"async\" width=\"1250\" height=\"833\" title=\"RoyBorghoutsFotografie-061125-NLMobility-012 (1)\" src=\"https:\/\/www.nlmobility.nl\/wp-content\/uploads\/2025\/11\/RoyBorghoutsFotografie-061125-NLMobility-012-1.jpg\" class=\"img-responsive wp-image-701 img-with-aspect-ratio\" data-parent-fit=\"cover\" data-parent-container=\".fusion-image-element\" alt srcset=\"https:\/\/www.nlmobility.nl\/wp-content\/uploads\/2025\/11\/RoyBorghoutsFotografie-061125-NLMobility-012-1-200x133.jpg 200w, https:\/\/www.nlmobility.nl\/wp-content\/uploads\/2025\/11\/RoyBorghoutsFotografie-061125-NLMobility-012-1-400x267.jpg 400w, https:\/\/www.nlmobility.nl\/wp-content\/uploads\/2025\/11\/RoyBorghoutsFotografie-061125-NLMobility-012-1-600x400.jpg 600w, https:\/\/www.nlmobility.nl\/wp-content\/uploads\/2025\/11\/RoyBorghoutsFotografie-061125-NLMobility-012-1-800x533.jpg 800w, https:\/\/www.nlmobility.nl\/wp-content\/uploads\/2025\/11\/RoyBorghoutsFotografie-061125-NLMobility-012-1-1200x800.jpg 1200w, https:\/\/www.nlmobility.nl\/wp-content\/uploads\/2025\/11\/RoyBorghoutsFotografie-061125-NLMobility-012-1.jpg 1250w\" sizes=\"(max-width: 640px) 100vw, 400px\" \/><\/span><\/div><\/div><\/div><\/div><\/div><\/div><\/div><\/div><div class=\"fusion-fullwidth fullwidth-box fusion-builder-row-3 fusion-flex-container has-pattern-background has-mask-background fusion-parallax-none nonhundred-percent-fullwidth non-hundred-percent-height-scrolling fusion-animated\" style=\"--awb-background-position:center top;--awb-border-radius-top-left:0px;--awb-border-radius-top-right:0px;--awb-border-radius-bottom-right:0px;--awb-border-radius-bottom-left:0px;--awb-padding-top-small:60px;--awb-padding-bottom-small:30px;--awb-min-height:568px;--awb-background-image:linear-gradient(180deg, #06206483 0%,#06206483 100%),url(https:\/\/www.nlmobility.nl\/wp-content\/uploads\/2026\/01\/RoyBorghoutsFotografie-061125-NLMobility-068-1.jpg);;--awb-background-size:cover;--awb-flex-wrap:wrap;\" data-animationType=\"fadeInUp\" data-animationDuration=\"0.7\" data-animationOffset=\"top-into-view\" ><div class=\"fusion-builder-row fusion-row fusion-flex-align-items-flex-start fusion-flex-align-content-center fusion-flex-content-wrap\" style=\"max-width:1248px;margin-left: calc(-4% \/ 2 );margin-right: calc(-4% \/ 2 );\"><div class=\"fusion-layout-column fusion_builder_column fusion-builder-column-4 fusion_builder_column_1_1 1_1 fusion-flex-column\" style=\"--awb-bg-size:cover;--awb-width-large:100%;--awb-margin-top-large:0px;--awb-spacing-right-large:0%;--awb-margin-bottom-large:20px;--awb-spacing-left-large:0%;--awb-width-medium:100%;--awb-order-medium:0;--awb-spacing-right-medium:0%;--awb-spacing-left-medium:0%;--awb-width-small:100%;--awb-order-small:0;--awb-spacing-right-small:1.92%;--awb-spacing-left-small:1.92%;\"><div class=\"fusion-column-wrapper fusion-column-has-shadow fusion-flex-justify-content-center fusion-content-layout-row\"><div class=\"fusion-text fusion-text-5\" style=\"--awb-content-alignment:center;--awb-font-size:60px;--awb-line-height:70px;--awb-text-color:var(--awb-color1);--awb-text-font-family:&quot;Poppins&quot;;--awb-text-font-style:normal;--awb-text-font-weight:200;\"><p>&#8222;Unsere St\u00e4rke liegt nicht in gro\u00dfen Worten, sondern in dem, was wir liefern. Echte Projekte, sichtbare Ergebnisse und ein Team, das sich gegenseitig vertraut.&#8220;<\/p>\n<\/div><div ><a class=\"fusion-button button-flat fusion-button-default-size button-custom fusion-button-default button-1 fusion-button-default-span fusion-button-default-type\" style=\"--button_accent_color:var(--awb-color5);--button_border_color:var(--awb-color5);--button_accent_hover_color:var(--awb-color1);--button_border_hover_color:var(--awb-color1);--button_gradient_top_color:var(--awb-color1);--button_gradient_bottom_color:var(--awb-color1);--button_gradient_top_color_hover:hsla(var(--awb-color5-h),calc(var(--awb-color5-s) - 5%),calc(var(--awb-color5-l) - 10%),var(--awb-color5-a));--button_gradient_bottom_color_hover:hsla(var(--awb-color5-h),calc(var(--awb-color5-s) - 5%),calc(var(--awb-color5-l) - 10%),var(--awb-color5-a));\" target=\"_self\" data-hover=\"icon_slide\" href=\"https:\/\/www.nlmobility.nl\/de\/arbeiten-bei\/\"><span class=\"fusion-button-text awb-button__text awb-button__text--default\">Mitmachen<\/span><i class=\"fa-angle-right fas awb-button__icon awb-button__icon--default button-icon-right\" aria-hidden=\"true\"><\/i><\/a><\/div><\/div><\/div><\/div><\/div><div class=\"fusion-fullwidth fullwidth-box fusion-builder-row-4 fusion-flex-container has-pattern-background has-mask-background nonhundred-percent-fullwidth non-hundred-percent-height-scrolling\" style=\"--awb-border-radius-top-left:0px;--awb-border-radius-top-right:0px;--awb-border-radius-bottom-right:0px;--awb-border-radius-bottom-left:0px;--awb-padding-top:100px;--awb-padding-bottom:100px;--awb-flex-wrap:wrap;\" ><div class=\"fusion-builder-row fusion-row fusion-flex-align-items-flex-start fusion-flex-content-wrap\" style=\"max-width:1248px;margin-left: calc(-4% \/ 2 );margin-right: calc(-4% \/ 2 );\"><div class=\"fusion-layout-column fusion_builder_column fusion-builder-column-5 fusion_builder_column_1_2 1_2 fusion-flex-column fusion-animated\" style=\"--awb-bg-size:cover;--awb-width-large:50%;--awb-margin-top-large:0px;--awb-spacing-right-large:3.84%;--awb-margin-bottom-large:20px;--awb-spacing-left-large:3.84%;--awb-width-medium:50%;--awb-order-medium:0;--awb-spacing-right-medium:3.84%;--awb-spacing-left-medium:3.84%;--awb-width-small:100%;--awb-order-small:0;--awb-spacing-right-small:1.92%;--awb-spacing-left-small:1.92%;\" data-animationType=\"fadeInUp\" data-animationDuration=\"0.7\" data-animationOffset=\"top-into-view\"><div class=\"fusion-column-wrapper fusion-column-has-shadow fusion-flex-justify-content-flex-start fusion-content-layout-column\"><div class=\"fusion-title title fusion-title-3 fusion-sep-none fusion-title-text fusion-title-size-two\" style=\"--awb-margin-bottom:40px;\"><h2 class=\"fusion-title-heading title-heading-left fusion-responsive-typography-calculated\" style=\"margin:0;--fontSize:60;line-height:1.17;\">Was wir tun<\/h2><\/div><div class=\"fusion-text fusion-text-6\" style=\"--awb-font-size:30px;--awb-text-color:var(--awb-color7);--awb-text-font-family:&quot;Poppins&quot;;--awb-text-font-style:normal;--awb-text-font-weight:200;\"><p>NL Mobility bietet Komplettl\u00f6sungen f\u00fcr elektrische Ladeinfrastruktur<\/p>\n<\/div><div class=\"fusion-text fusion-text-7\" style=\"--awb-text-color:var(--awb-color7);\"><p>Vom Entwurf bis zur Implementierung und Wartung. Wir kombinieren Ingenieurwissen mit praktischer Erfahrung. Unsere Arbeit umfasst:  <\/p>\n<\/div><\/div><\/div><div class=\"fusion-layout-column fusion_builder_column fusion-builder-column-6 fusion_builder_column_1_2 1_2 fusion-flex-column fusion-animated\" style=\"--awb-bg-size:cover;--awb-width-large:50%;--awb-margin-top-large:0px;--awb-spacing-right-large:0%;--awb-margin-bottom-large:20px;--awb-spacing-left-large:0%;--awb-width-medium:50%;--awb-order-medium:0;--awb-spacing-right-medium:0%;--awb-spacing-left-medium:0%;--awb-width-small:100%;--awb-order-small:0;--awb-spacing-right-small:1.92%;--awb-spacing-left-small:1.92%;\" data-animationType=\"fadeInRight\" data-animationDuration=\"0.7\" data-animationOffset=\"top-into-view\"><div class=\"fusion-column-wrapper fusion-column-has-shadow fusion-flex-justify-content-flex-start fusion-content-layout-column\"><ul style=\"--awb-size:26px;--awb-item-padding-top:20px;--awb-item-padding-bottom:20px;--awb-textcolor:var(--awb-color7);--awb-line-height:44.2px;--awb-icon-width:44.2px;--awb-icon-height:44.2px;--awb-icon-margin:18.2px;--awb-content-margin:62.4px;--awb-circlecolor:var(--awb-color1);--awb-circle-yes-font-size:22.88px;\" class=\"fusion-checklist fusion-checklist-1 type-icons\"><li class=\"fusion-li-item\" style=\"\"><span class=\"icon-wrapper circle-yes\"><i class=\"fusion-li-icon icon-Icon-iconamoon-lightning-1\" aria-hidden=\"true\"><\/i><\/span><div class=\"fusion-li-item-content\">\n<p>Technik und Design der Ladeinfrastruktur<\/p>\n<\/div><\/li><li class=\"fusion-li-item\" style=\"\"><span class=\"icon-wrapper circle-yes\"><i class=\"fusion-li-icon icon-Icon-iconamoon-lightning-1\" aria-hidden=\"true\"><\/i><\/span><div class=\"fusion-li-item-content\">\n<p>Installation von DC- und AC-Ladeger\u00e4ten<\/p>\n<\/div><\/li><li class=\"fusion-li-item\" style=\"\"><span class=\"icon-wrapper circle-yes\"><i class=\"fusion-li-icon icon-Icon-iconamoon-lightning-1\" aria-hidden=\"true\"><\/i><\/span><div class=\"fusion-li-item-content\">\n<p>Verlegung von Kabeltrassen und Verteilern&nbsp;<\/p>\n<\/div><\/li><li class=\"fusion-li-item\" style=\"\"><span class=\"icon-wrapper circle-yes\"><i class=\"fusion-li-icon icon-Icon-iconamoon-lightning-1\" aria-hidden=\"true\"><\/i><\/span><div class=\"fusion-li-item-content\">\n<p>Anschluss an das Stromnetz und Durchf\u00fchrung von Inspektionen<\/p>\n<\/div><\/li><li class=\"fusion-li-item\" style=\"\"><span class=\"icon-wrapper circle-yes\"><i class=\"fusion-li-icon icon-Icon-iconamoon-lightning-1\" aria-hidden=\"true\"><\/i><\/span><div class=\"fusion-li-item-content\">\n<p>Service, Wartung und Pannenhilfe<\/p>\n<\/div><\/li><\/ul><\/div><\/div><\/div><\/div><\/p>\n","protected":false},"excerpt":{"rendered":"","protected":false},"author":1,"featured_media":0,"parent":0,"menu_order":0,"comment_status":"closed","ping_status":"closed","template":"100-width.php","meta":{"footnotes":""},"class_list":["post-723","page","type-page","status-publish","hentry"],"_links":{"self":[{"href":"https:\/\/www.nlmobility.nl\/de\/wp-json\/wp\/v2\/pages\/723","targetHints":{"allow":["GET"]}}],"collection":[{"href":"https:\/\/www.nlmobility.nl\/de\/wp-json\/wp\/v2\/pages"}],"about":[{"href":"https:\/\/www.nlmobility.nl\/de\/wp-json\/wp\/v2\/types\/page"}],"author":[{"embeddable":true,"href":"https:\/\/www.nlmobility.nl\/de\/wp-json\/wp\/v2\/users\/1"}],"replies":[{"embeddable":true,"href":"https:\/\/www.nlmobility.nl\/de\/wp-json\/wp\/v2\/comments?post=723"}],"version-history":[{"count":14,"href":"https:\/\/www.nlmobility.nl\/de\/wp-json\/wp\/v2\/pages\/723\/revisions"}],"predecessor-version":[{"id":1171,"href":"https:\/\/www.nlmobility.nl\/de\/wp-json\/wp\/v2\/pages\/723\/revisions\/1171"}],"wp:attachment":[{"href":"https:\/\/www.nlmobility.nl\/de\/wp-json\/wp\/v2\/media?parent=723"}],"curies":[{"name":"wp","href":"https:\/\/api.w.org\/{rel}","templated":true}]}}