{"id":801,"date":"2025-11-28T11:37:47","date_gmt":"2025-11-28T11:37:47","guid":{"rendered":"https:\/\/www.nlmobility.nl\/diensten\/ingenierie-et-conception-de-linfrastructure-de-chargement\/"},"modified":"2026-01-02T13:53:38","modified_gmt":"2026-01-02T13:53:38","slug":"ingenierie-et-conception-de-linfrastructure-de-chargement","status":"publish","type":"page","link":"https:\/\/www.nlmobility.nl\/fr\/services\/ingenierie-et-conception-de-linfrastructure-de-chargement\/","title":{"rendered":"Ing\u00e9nierie et conception de l&rsquo;infrastructure de chargement"},"content":{"rendered":"<p><div class=\"fusion-fullwidth fullwidth-box fusion-builder-row-1 fusion-flex-container has-pattern-background has-mask-background nonhundred-percent-fullwidth non-hundred-percent-height-scrolling fusion-animated\" style=\"--awb-border-radius-top-left:0px;--awb-border-radius-top-right:0px;--awb-border-radius-bottom-right:0px;--awb-border-radius-bottom-left:0px;--awb-padding-top:50px;--awb-padding-bottom:50px;--awb-margin-top:0px;--awb-background-image:linear-gradient(109deg, #fbfefd 15%,#f4fafd 100%);--awb-flex-wrap:wrap;\" data-animationType=\"fadeInUp\" data-animationDuration=\"0.7\" data-animationOffset=\"top-into-view\" ><div class=\"fusion-builder-row fusion-row fusion-flex-align-items-center fusion-flex-content-wrap\" style=\"max-width:1248px;margin-left: calc(-4% \/ 2 );margin-right: calc(-4% \/ 2 );\"><div class=\"fusion-layout-column fusion_builder_column fusion-builder-column-0 fusion_builder_column_1_2 1_2 fusion-flex-column\" style=\"--awb-bg-size:cover;--awb-width-large:50%;--awb-margin-top-large:0px;--awb-spacing-right-large:3.84%;--awb-margin-bottom-large:20px;--awb-spacing-left-large:3.84%;--awb-width-medium:50%;--awb-order-medium:0;--awb-spacing-right-medium:3.84%;--awb-spacing-left-medium:3.84%;--awb-width-small:100%;--awb-order-small:0;--awb-spacing-right-small:1.92%;--awb-spacing-left-small:1.92%;\"><div class=\"fusion-column-wrapper fusion-column-has-shadow fusion-flex-justify-content-flex-start fusion-content-layout-column\"><div class=\"fusion-image-element \" style=\"--awb-aspect-ratio:1 \/ 1;--awb-caption-title-font-family:var(--h2_typography-font-family);--awb-caption-title-font-weight:var(--h2_typography-font-weight);--awb-caption-title-font-style:var(--h2_typography-font-style);--awb-caption-title-size:var(--h2_typography-font-size);--awb-caption-title-transform:var(--h2_typography-text-transform);--awb-caption-title-line-height:var(--h2_typography-line-height);--awb-caption-title-letter-spacing:var(--h2_typography-letter-spacing);\"><span class=\" fusion-imageframe imageframe-none imageframe-1 hover-type-none has-aspect-ratio\" style=\"border-radius:30px;\"><img decoding=\"async\" width=\"2560\" height=\"1708\" title=\"RoyBorghoutsFotografie-061125-NLMobility-026\" src=\"https:\/\/www.nlmobility.nl\/wp-content\/uploads\/2025\/12\/RoyBorghoutsFotografie-061125-NLMobility-026-1.jpg\" class=\"img-responsive wp-image-792 img-with-aspect-ratio\" data-parent-fit=\"cover\" data-parent-container=\".fusion-image-element\" alt srcset=\"https:\/\/www.nlmobility.nl\/wp-content\/uploads\/2025\/12\/RoyBorghoutsFotografie-061125-NLMobility-026-1-200x133.jpg 200w, https:\/\/www.nlmobility.nl\/wp-content\/uploads\/2025\/12\/RoyBorghoutsFotografie-061125-NLMobility-026-1-400x267.jpg 400w, https:\/\/www.nlmobility.nl\/wp-content\/uploads\/2025\/12\/RoyBorghoutsFotografie-061125-NLMobility-026-1-600x400.jpg 600w, https:\/\/www.nlmobility.nl\/wp-content\/uploads\/2025\/12\/RoyBorghoutsFotografie-061125-NLMobility-026-1-800x534.jpg 800w, https:\/\/www.nlmobility.nl\/wp-content\/uploads\/2025\/12\/RoyBorghoutsFotografie-061125-NLMobility-026-1-1200x801.jpg 1200w, https:\/\/www.nlmobility.nl\/wp-content\/uploads\/2025\/12\/RoyBorghoutsFotografie-061125-NLMobility-026-1.jpg 2560w\" sizes=\"(max-width: 640px) 100vw, 600px\" \/><\/span><\/div><\/div><\/div><div class=\"fusion-layout-column fusion_builder_column fusion-builder-column-1 fusion_builder_column_1_2 1_2 fusion-flex-column\" style=\"--awb-bg-size:cover;--awb-width-large:50%;--awb-margin-top-large:0px;--awb-spacing-right-large:3.84%;--awb-margin-bottom-large:20px;--awb-spacing-left-large:3.84%;--awb-width-medium:50%;--awb-order-medium:0;--awb-spacing-right-medium:3.84%;--awb-spacing-left-medium:3.84%;--awb-width-small:100%;--awb-order-small:0;--awb-spacing-right-small:1.92%;--awb-spacing-left-small:1.92%;\"><div class=\"fusion-column-wrapper fusion-column-has-shadow fusion-flex-justify-content-flex-start fusion-content-layout-column\"><div class=\"fusion-title title fusion-title-1 fusion-sep-none fusion-title-text fusion-title-size-one\" style=\"--awb-margin-bottom:40px;--awb-font-size:60px;\"><h1 class=\"fusion-title-heading title-heading-left fusion-responsive-typography-calculated\" style=\"font-family:&quot;Poppins&quot;;font-style:normal;font-weight:200;margin:0;font-size:1em;--fontSize:60;line-height:1.17;\">Ing\u00e9nierie et conception de l&rsquo;infrastructure de chargement<\/h1><\/div><div class=\"fusion-text fusion-text-1\" style=\"--awb-font-size:30px;--awb-text-color:var(--awb-color6);--awb-text-font-family:&quot;Poppins&quot;;--awb-text-font-style:normal;--awb-text-font-weight:200;\"><p>Toute infrastructure de recharge r\u00e9ussie commence par une conception r\u00e9fl\u00e9chie. NL Mobility traduit vos besoins de mobilit\u00e9 en un plan de charge \u00e9volutif, s\u00fbr et \u00e0 l&rsquo;\u00e9preuve du temps.<\/p>\n<\/div><div ><a class=\"fusion-button button-flat fusion-button-default-size button-default fusion-button-default button-1 fusion-button-default-span fusion-button-default-type\" style=\"--button_padding-right:15%;--button_padding-left:15%;--button_margin-top:40px;\" target=\"_self\" data-hover=\"icon_slide\" href=\"https:\/\/www.nlmobility.nl\/fr\/contact\/\"><span class=\"fusion-button-text awb-button__text awb-button__text--default\">Contact<\/span><i class=\"fa-angle-right fas awb-button__icon awb-button__icon--default button-icon-right\" aria-hidden=\"true\"><\/i><\/a><\/div><\/div><\/div><\/div><\/div><div class=\"fusion-fullwidth fullwidth-box fusion-builder-row-2 fusion-flex-container has-pattern-background has-mask-background nonhundred-percent-fullwidth non-hundred-percent-height-scrolling\" style=\"--awb-border-radius-top-left:0px;--awb-border-radius-top-right:0px;--awb-border-radius-bottom-right:0px;--awb-border-radius-bottom-left:0px;--awb-padding-top:100px;--awb-padding-bottom:100px;--awb-padding-bottom-small:0px;--awb-flex-wrap:wrap;\" ><div class=\"fusion-builder-row fusion-row fusion-flex-align-items-flex-start fusion-flex-content-wrap\" style=\"max-width:1248px;margin-left: calc(-4% \/ 2 );margin-right: calc(-4% \/ 2 );\"><div class=\"fusion-layout-column fusion_builder_column fusion-builder-column-2 fusion_builder_column_1_2 1_2 fusion-flex-column fusion-animated\" style=\"--awb-bg-size:cover;--awb-width-large:50%;--awb-margin-top-large:0px;--awb-spacing-right-large:3.84%;--awb-margin-bottom-large:20px;--awb-spacing-left-large:3.84%;--awb-width-medium:50%;--awb-order-medium:0;--awb-spacing-right-medium:3.84%;--awb-spacing-left-medium:3.84%;--awb-width-small:100%;--awb-order-small:0;--awb-spacing-right-small:1.92%;--awb-spacing-left-small:1.92%;\" data-animationType=\"fadeInUp\" data-animationDuration=\"0.7\" data-animationOffset=\"top-into-view\"><div class=\"fusion-column-wrapper fusion-column-has-shadow fusion-flex-justify-content-flex-start fusion-content-layout-column\"><div class=\"fusion-title title fusion-title-2 fusion-sep-none fusion-title-text fusion-title-size-one\" style=\"--awb-margin-bottom:40px;--awb-font-size:60px;\"><h1 class=\"fusion-title-heading title-heading-left fusion-responsive-typography-calculated\" style=\"font-family:&quot;Poppins&quot;;font-style:normal;font-weight:200;margin:0;font-size:1em;--fontSize:60;line-height:1.17;\">Du besoin \u00e0 la conception r\u00e9alisable<\/h1><\/div><div class=\"fusion-text fusion-text-2\" style=\"--awb-font-size:30px;--awb-text-color:var(--awb-color6);--awb-text-font-family:&quot;Poppins&quot;;--awb-text-font-style:normal;--awb-text-font-weight:200;\"><p>Dimensionnement en fonction des donn\u00e9es et \u00e9quilibrage intelligent de la charge<\/p>\n<\/div><div class=\"fusion-text fusion-text-3\" style=\"--awb-font-size:20px;--awb-line-height:30px;\"><p>Nos ing\u00e9nieurs cartographient les v\u00e9hicules, les mod\u00e8les d&rsquo;utilisation et les sc\u00e9narios de croissance et les relient au syst\u00e8me \u00e9lectrique. Nous calculons la charge de pointe, les courbes de charge et la puissance disponible, et nous choisissons la bonne combinaison de courant alternatif et de courant continu. Le r\u00e9sultat est une conception technique comprenant les chemins de c\u00e2bles, les dispositifs de distribution, l&rsquo;infrastructure souterraine et l&rsquo;architecture de contr\u00f4le, pr\u00eate pour la r\u00e9alisation et l&rsquo;expansion.<\/p>\n<\/div><\/div><\/div><div class=\"fusion-layout-column fusion_builder_column fusion-builder-column-3 fusion_builder_column_1_2 1_2 fusion-flex-column fusion-animated\" style=\"--awb-bg-size:cover;--awb-width-large:50%;--awb-margin-top-large:0px;--awb-spacing-right-large:0%;--awb-margin-bottom-large:20px;--awb-spacing-left-large:0%;--awb-width-medium:50%;--awb-order-medium:0;--awb-spacing-right-medium:0%;--awb-spacing-left-medium:0%;--awb-width-small:100%;--awb-order-small:0;--awb-spacing-right-small:1.92%;--awb-spacing-left-small:1.92%;\" data-animationType=\"fadeInRight\" data-animationDuration=\"0.7\" data-animationOffset=\"top-into-view\"><div class=\"fusion-column-wrapper fusion-column-has-shadow fusion-flex-justify-content-flex-start fusion-content-layout-column\"><ul style=\"--awb-size:26px;--awb-item-padding-top:20px;--awb-item-padding-bottom:20px;--awb-textcolor:var(--awb-color7);--awb-line-height:44.2px;--awb-icon-width:44.2px;--awb-icon-height:44.2px;--awb-icon-margin:18.2px;--awb-content-margin:62.4px;--awb-circlecolor:var(--awb-color1);--awb-circle-yes-font-size:22.88px;\" class=\"fusion-checklist fusion-checklist-1 type-icons\"><li class=\"fusion-li-item\" style=\"\"><span class=\"icon-wrapper circle-yes\"><i class=\"fusion-li-icon icon-Icon-iconamoon-lightning-1\" aria-hidden=\"true\"><\/i><\/span><div class=\"fusion-li-item-content\">\n<p>Calcul de la capacit\u00e9 et de la croissance avec des sc\u00e9narios (flotte, visiteurs, public)<\/p>\n<\/div><\/li><li class=\"fusion-li-item\" style=\"\"><span class=\"icon-wrapper circle-yes\"><i class=\"fusion-li-icon icon-Icon-iconamoon-lightning-1\" aria-hidden=\"true\"><\/i><\/span><div class=\"fusion-li-item-content\">\n<p>Conception conforme aux normes NEN et aux exigences de l&rsquo;op\u00e9rateur de r\u00e9seau, y compris la s\u00e9lectivit\u00e9<\/p>\n<\/div><\/li><li class=\"fusion-li-item\" style=\"\"><span class=\"icon-wrapper circle-yes\"><i class=\"fusion-li-icon icon-Icon-iconamoon-lightning-1\" aria-hidden=\"true\"><\/i><\/span><div class=\"fusion-li-item-content\">\n<p>Conseil en gestion de l&rsquo;\u00e9nergie, int\u00e9gration photovolta\u00efque et stockage en batterie<\/p>\n<\/div><\/li><\/ul><\/div><\/div><\/div><\/div><\/p>\n","protected":false},"excerpt":{"rendered":"","protected":false},"author":1,"featured_media":793,"parent":769,"menu_order":0,"comment_status":"closed","ping_status":"closed","template":"100-width.php","meta":{"footnotes":""},"class_list":["post-801","page","type-page","status-publish","has-post-thumbnail","hentry"],"_links":{"self":[{"href":"https:\/\/www.nlmobility.nl\/fr\/wp-json\/wp\/v2\/pages\/801","targetHints":{"allow":["GET"]}}],"collection":[{"href":"https:\/\/www.nlmobility.nl\/fr\/wp-json\/wp\/v2\/pages"}],"about":[{"href":"https:\/\/www.nlmobility.nl\/fr\/wp-json\/wp\/v2\/types\/page"}],"author":[{"embeddable":true,"href":"https:\/\/www.nlmobility.nl\/fr\/wp-json\/wp\/v2\/users\/1"}],"replies":[{"embeddable":true,"href":"https:\/\/www.nlmobility.nl\/fr\/wp-json\/wp\/v2\/comments?post=801"}],"version-history":[{"count":3,"href":"https:\/\/www.nlmobility.nl\/fr\/wp-json\/wp\/v2\/pages\/801\/revisions"}],"predecessor-version":[{"id":805,"href":"https:\/\/www.nlmobility.nl\/fr\/wp-json\/wp\/v2\/pages\/801\/revisions\/805"}],"up":[{"embeddable":true,"href":"https:\/\/www.nlmobility.nl\/fr\/wp-json\/wp\/v2\/pages\/769"}],"wp:featuredmedia":[{"embeddable":true,"href":"https:\/\/www.nlmobility.nl\/fr\/wp-json\/wp\/v2\/media\/793"}],"wp:attachment":[{"href":"https:\/\/www.nlmobility.nl\/fr\/wp-json\/wp\/v2\/media?parent=801"}],"curies":[{"name":"wp","href":"https:\/\/api.w.org\/{rel}","templated":true}]}}